{"id":27,"date":"2013-10-29T22:56:00","date_gmt":"2013-10-29T20:56:00","guid":{"rendered":"http:\/\/www.backbonemc.org\/wp\/?page_id=27"},"modified":"2026-03-22T21:41:48","modified_gmt":"2026-03-22T19:41:48","slug":"jasenet","status":"publish","type":"page","link":"https:\/\/www.backbonemc.org\/wp\/jasenet\/","title":{"rendered":"J\u00e4senet"},"content":{"rendered":"<p style=\"padding-left: 40px;\"><img loading=\"lazy\" decoding=\"async\" class=\"alignnone size-full wp-image-408\" src=\"http:\/\/www.backbonemc.org\/wp\/wp-content\/uploads\/Ola2021.jpg\" alt=\"\" width=\"428\" height=\"494\" srcset=\"https:\/\/www.backbonemc.org\/wp\/wp-content\/uploads\/Ola2021.jpg 428w, https:\/\/www.backbonemc.org\/wp\/wp-content\/uploads\/Ola2021-260x300.jpg 260w\" sizes=\"auto, (max-width: 428px) 100vw, 428px\" \/><\/p>\n<h3>Ola (s. 1967): President<\/h3>\n<p><b>Py\u00f6r\u00e4:<\/b> H-D Softail Custom vm. 1996.<br><b>Aiempia<\/b> Panshovel vm. 1953 ja Sportster vm. 1988<br><b>E-mail: <\/b><a href=\"mailto:ola@backbonemc.org\">ola@backbonemc.org <\/a><\/p>\n<p style=\"padding-left: 40px;\"><img loading=\"lazy\" decoding=\"async\" class=\"alignnone size-full wp-image-409\" src=\"http:\/\/www.backbonemc.org\/wp\/wp-content\/uploads\/Parta-Jussi2021.jpg\" alt=\"\" width=\"428\" height=\"607\" srcset=\"https:\/\/www.backbonemc.org\/wp\/wp-content\/uploads\/Parta-Jussi2021.jpg 428w, https:\/\/www.backbonemc.org\/wp\/wp-content\/uploads\/Parta-Jussi2021-212x300.jpg 212w\" sizes=\"auto, (max-width: 428px) 100vw, 428px\" \/><\/p>\n<h3>Parta-Jussi (s. 1967): Vice president<\/h3>\n<p><b>Py\u00f6r\u00e4:<\/b> H-D Softail Custom vm. 1990 ja H-D Electra Glide Classic vm. 1990<br><b>E-mail: <\/b><a href=\"mailto:parta-jussi@backbonemc.org\">parta-jussi@backbonemc.org<\/a><\/p>\n<h3 style=\"padding-left: 30px;\"><a href=\"http:\/\/www.backbonemc.org\/wp\/wp-content\/uploads\/Lasse_2017.jpg\"><img loading=\"lazy\" decoding=\"async\" class=\"alignnone size-full wp-image-301\" src=\"http:\/\/www.backbonemc.org\/wp\/wp-content\/uploads\/Lasse_2017.jpg\" alt=\"Lasse_2017\" width=\"427\" height=\"285\" srcset=\"https:\/\/www.backbonemc.org\/wp\/wp-content\/uploads\/Lasse_2017.jpg 427w, https:\/\/www.backbonemc.org\/wp\/wp-content\/uploads\/Lasse_2017-300x200.jpg 300w\" sizes=\"auto, (max-width: 427px) 100vw, 427px\" \/><\/a><\/h3>\n<h3>Lasse (s. 1956): Member<\/h3>\n<p><b>Py\u00f6r\u00e4:<\/b> H-D Fat Boy vm. 1997<br><b>Aiempia:<\/b> Kloppina japsipy\u00f6r\u00e4<br><b>E-mail: <\/b><a href=\"mailto:lasse@backbonemc.org\">lasse@backbonemc.org<\/a><\/p>\n<p style=\"padding-left: 40px;\"><img loading=\"lazy\" decoding=\"async\" class=\"alignnone size-full wp-image-404\" src=\"http:\/\/www.backbonemc.org\/wp\/wp-content\/uploads\/Jukka2021.jpg\" alt=\"\" width=\"428\" height=\"503\" srcset=\"https:\/\/www.backbonemc.org\/wp\/wp-content\/uploads\/Jukka2021.jpg 428w, https:\/\/www.backbonemc.org\/wp\/wp-content\/uploads\/Jukka2021-255x300.jpg 255w\" sizes=\"auto, (max-width: 428px) 100vw, 428px\" \/><\/p>\n<h3>Jukka (s. 1964): Treasurer<\/h3>\n<p><b>Py\u00f6r\u00e4:<\/b> H-D Street Glide vm. 2021<br><b>Aiempia:<\/b> H-D Softail DeLuxe vm. 2005, Japsipy\u00f6ri\u00e4<br><b>E-mail: <\/b><a href=\"mailto:jukka@backbonemc.org\">jukka@backbonemc.org <\/a><\/p>\n<p style=\"padding-left: 30px;\">&nbsp;<img loading=\"lazy\" decoding=\"async\" class=\"alignnone size-full wp-image-403\" src=\"http:\/\/www.backbonemc.org\/wp\/wp-content\/uploads\/Jani2021.jpg\" alt=\"\" width=\"428\" height=\"662\" srcset=\"https:\/\/www.backbonemc.org\/wp\/wp-content\/uploads\/Jani2021.jpg 428w, https:\/\/www.backbonemc.org\/wp\/wp-content\/uploads\/Jani2021-194x300.jpg 194w\" sizes=\"auto, (max-width: 428px) 100vw, 428px\" \/><\/p>\n<h3>Jani (s. 1977): Secretary<\/h3>\n<p><b>Py\u00f6r\u00e4:<\/b> H-D Super Glide Custom vm. 2007<br><b>Aiempia:<\/b> japsi-custom<br><b>E-mail: <\/b><a href=\"mailto:jani@backbonemc.org\">jani@backbonemc.org&nbsp; <\/a><\/p>\n<p style=\"padding-left: 40px;\"><img loading=\"lazy\" decoding=\"async\" class=\"alignnone size-full wp-image-406\" src=\"http:\/\/www.backbonemc.org\/wp\/wp-content\/uploads\/Jussi2021.jpg\" alt=\"\" width=\"428\" height=\"552\" srcset=\"https:\/\/www.backbonemc.org\/wp\/wp-content\/uploads\/Jussi2021.jpg 428w, https:\/\/www.backbonemc.org\/wp\/wp-content\/uploads\/Jussi2021-233x300.jpg 233w\" sizes=\"auto, (max-width: 428px) 100vw, 428px\" \/><\/p>\n<h3>Jussi (s. 1961): Member<\/h3>\n<p><b>Py\u00f6r\u00e4:<\/b> H-D Fat Boy vm. 1992<br><b>Aiempia:<\/b> Sportster<br><b>E-mail: <\/b><a href=\"mailto:jussi@backbonemc.org\">jussi@backbonemc.org <\/a><\/p>\n<p style=\"padding-left: 30px;\">&nbsp;&nbsp;<img loading=\"lazy\" decoding=\"async\" class=\"alignnone size-full wp-image-402\" src=\"http:\/\/www.backbonemc.org\/wp\/wp-content\/uploads\/Ari2021.jpg\" alt=\"\" width=\"428\" height=\"499\" srcset=\"https:\/\/www.backbonemc.org\/wp\/wp-content\/uploads\/Ari2021.jpg 428w, https:\/\/www.backbonemc.org\/wp\/wp-content\/uploads\/Ari2021-257x300.jpg 257w\" sizes=\"auto, (max-width: 428px) 100vw, 428px\" \/><\/p>\n<h3>Ari (s. 1960): Road Captain<\/h3>\n<p><b>Py\u00f6r\u00e4:<\/b> H-D Electra Glide vm. 2010<br><b>Aiempia:<\/b> H-D Fat Boy ja H-D Sportster<br><b>E-mail:<\/b><\/p>\n<p style=\"padding-left: 30px;\">&nbsp;<\/p>\n<p style=\"padding-left: 40px;\"><img loading=\"lazy\" decoding=\"async\" class=\"alignnone size-full wp-image-407\" src=\"http:\/\/www.backbonemc.org\/wp\/wp-content\/uploads\/Mikki2021.jpg\" alt=\"\" width=\"428\" height=\"610\" srcset=\"https:\/\/www.backbonemc.org\/wp\/wp-content\/uploads\/Mikki2021.jpg 428w, https:\/\/www.backbonemc.org\/wp\/wp-content\/uploads\/Mikki2021-210x300.jpg 210w\" sizes=\"auto, (max-width: 428px) 100vw, 428px\" \/><\/p>\n<h3>Mikki (s. 1966): Member<\/h3>\n<p><b>Py\u00f6r\u00e4:<\/b> H-D Softail Classic vm. 2002<br><b>Aiempia:<\/b> H-D Sportster 1200<br><b>E-mail:<\/b><\/p>\n<p style=\"padding-left: 40px;\">&nbsp;<\/p>\n<p style=\"padding-left: 40px;\"><img loading=\"lazy\" decoding=\"async\" class=\"alignnone size-full wp-image-411\" src=\"http:\/\/www.backbonemc.org\/wp\/wp-content\/uploads\/Tontza2021.jpg\" alt=\"\" width=\"428\" height=\"578\" srcset=\"https:\/\/www.backbonemc.org\/wp\/wp-content\/uploads\/Tontza2021.jpg 428w, https:\/\/www.backbonemc.org\/wp\/wp-content\/uploads\/Tontza2021-222x300.jpg 222w\" sizes=\"auto, (max-width: 428px) 100vw, 428px\" \/><\/p>\n<h3>Tontza (s. 1981): Member<\/h3>\n<p><b>Py\u00f6r\u00e4:<\/b> H-D Electra Glide vm. 2003<br><b>Aiempia:<\/b> H-D Street Glide vm. 2002 ja Dyna, V-Rod, Trike<br><b>E-mail:<\/b><\/p>\n<p style=\"padding-left: 40px;\"><img loading=\"lazy\" decoding=\"async\" class=\"size-full wp-image-405 alignnone\" src=\"http:\/\/www.backbonemc.org\/wp\/wp-content\/uploads\/Jukkis2021.jpg\" alt=\"\" width=\"428\" height=\"589\" srcset=\"https:\/\/www.backbonemc.org\/wp\/wp-content\/uploads\/Jukkis2021.jpg 428w, https:\/\/www.backbonemc.org\/wp\/wp-content\/uploads\/Jukkis2021-218x300.jpg 218w\" sizes=\"auto, (max-width: 428px) 100vw, 428px\" \/><\/p>\n<h3>Jukkis (s. 1982): Member<\/h3>\n<p><b>Py\u00f6r\u00e4:<\/b> H-D Street Bob vm. 2011<br><b>Aiempia:<\/b> H-D Sportster<br><b>E-mail:<\/b><\/p>\n<p style=\"padding-left: 40px;\"><img loading=\"lazy\" decoding=\"async\" class=\"alignnone size-full wp-image-863\" src=\"http:\/\/www.backbonemc.org\/wp\/wp-content\/uploads\/Juusela2024.jpg\" alt=\"\" width=\"825\" height=\"589\" srcset=\"https:\/\/www.backbonemc.org\/wp\/wp-content\/uploads\/Juusela2024.jpg 825w, https:\/\/www.backbonemc.org\/wp\/wp-content\/uploads\/Juusela2024-300x214.jpg 300w, https:\/\/www.backbonemc.org\/wp\/wp-content\/uploads\/Juusela2024-768x548.jpg 768w\" sizes=\"auto, (max-width: 825px) 100vw, 825px\" \/><\/p>\n<h3>Juusela (s. 1980): Member<\/h3>\n<p><b>Py\u00f6r\u00e4:<\/b> H-D Street Bob vm. 2008<br><b>Aiempia:<\/b> <br><b>E-mail:<\/b><\/p>\n<p>&nbsp;<\/p>\n<h3>Rike (s. 1970): Member<\/h3>\n<p><b>Py\u00f6r\u00e4: <\/b>H-D Road King vm 2008<br><b>Aiempia:<\/b> <br><b>E-mail:<\/b><\/p>\n<p>&nbsp;<\/p>\n<h3>Hartsa (s. 1983): Prospect<\/h3>\n<p><b>Py\u00f6r\u00e4: <\/b>H-D Heritage Softail vm 1989 ja Softail custom vm 1987 ja 4 muuta<br><b>Aiempia:<\/b> <br><b>E-mail:<\/b><\/p>\n\n\n<p><\/p>\n","protected":false},"excerpt":{"rendered":"<p>Ola (s. 1967): President Py\u00f6r\u00e4: H-D Softail Custom vm. 1996.Aiempia Panshovel vm. 1953 ja Sportster vm. 1988E-mail: ola@backbonemc.org Parta-Jussi (s. 1967): Vice president Py\u00f6r\u00e4: H-D Softail Custom vm. 1990 ja H-D Electra Glide Classic vm. 1990E-mail: parta-jussi@backbonemc.org Lasse (s. 1956): Member Py\u00f6r\u00e4: H-D Fat Boy vm. 1997Aiempia: Kloppina japsipy\u00f6r\u00e4E-mail: lasse@backbonemc.org Jukka (s. 1964): Treasurer Py\u00f6r\u00e4: &hellip; <a href=\"https:\/\/www.backbonemc.org\/wp\/jasenet\/\" class=\"more-link\">Continue reading <span class=\"screen-reader-text\">J\u00e4senet<\/span> <span class=\"meta-nav\">&rarr;<\/span><\/a><\/p>\n","protected":false},"author":1,"featured_media":0,"parent":0,"menu_order":0,"comment_status":"closed","ping_status":"closed","template":"","meta":{"ngg_post_thumbnail":0,"footnotes":""},"class_list":["post-27","page","type-page","status-publish","hentry"],"_links":{"self":[{"href":"https:\/\/www.backbonemc.org\/wp\/wp-json\/wp\/v2\/pages\/27","targetHints":{"allow":["GET"]}}],"collection":[{"href":"https:\/\/www.backbonemc.org\/wp\/wp-json\/wp\/v2\/pages"}],"about":[{"href":"https:\/\/www.backbonemc.org\/wp\/wp-json\/wp\/v2\/types\/page"}],"author":[{"embeddable":true,"href":"https:\/\/www.backbonemc.org\/wp\/wp-json\/wp\/v2\/users\/1"}],"replies":[{"embeddable":true,"href":"https:\/\/www.backbonemc.org\/wp\/wp-json\/wp\/v2\/comments?post=27"}],"version-history":[{"count":61,"href":"https:\/\/www.backbonemc.org\/wp\/wp-json\/wp\/v2\/pages\/27\/revisions"}],"predecessor-version":[{"id":1972,"href":"https:\/\/www.backbonemc.org\/wp\/wp-json\/wp\/v2\/pages\/27\/revisions\/1972"}],"wp:attachment":[{"href":"https:\/\/www.backbonemc.org\/wp\/wp-json\/wp\/v2\/media?parent=27"}],"curies":[{"name":"wp","href":"https:\/\/api.w.org\/{rel}","templated":true}]}}